{"id":4234,"date":"2025-02-04T09:38:10","date_gmt":"2025-02-04T14:38:10","guid":{"rendered":"https:\/\/ci-tesco.com\/?product=sm919-12-maquina-de-fusion-de-pelicula-adhesiva-confeccion"},"modified":"2025-03-20T16:32:19","modified_gmt":"2025-03-20T21:32:19","slug":"sm919-12-maquina-de-fusion-de-pelicula-adhesiva-confeccion","status":"publish","type":"product","link":"https:\/\/ci-tesco.com\/?product=sm919-12-maquina-de-fusion-de-pelicula-adhesiva-confeccion","title":{"rendered":"SM919-12 M\u00e1quina de fusi\u00f3n de pel\u00edcula adhesiva CONFECCION"},"content":{"rendered":"<p style=\"text-align: center;\"><strong>La SM919-12 \u2013 M\u00e1quina de Fusi\u00f3n de Pel\u00edcula Adhesiva<\/strong><\/p>\n<p>En <strong>CI TESCO<\/strong>, ofrecemos la SM919-12, una m\u00e1quina especializada en la fusi\u00f3n de pel\u00edculas adhesivas para la industria de la confecci\u00f3n. Este equipo permite unir materiales textiles de forma eficiente y precisa, utilizando tecnolog\u00eda de fusi\u00f3n en caliente para garantizar una adhesi\u00f3n duradera sin necesidad de costuras tradicionales.<\/p>\n<p><strong>Caracter\u00edsticas principales<\/strong><\/p>\n<p>Tecnolog\u00eda de fusi\u00f3n en caliente:<\/p>\n<p>Utiliza adhesivos termofusibles que, al calentarse, permiten la uni\u00f3n de diferentes materiales textiles con precisi\u00f3n.<\/p>\n<p>Aplicaciones vers\u00e1tiles:<\/p>\n<p>Ideal para la laminaci\u00f3n de telas, uni\u00f3n de materiales compuestos y acabados sin costuras visibles.<\/p>\n<p>Eficiencia en producci\u00f3n:<\/p>\n<p>Dise\u00f1ada para integrarse en l\u00edneas de producci\u00f3n, mejorando la velocidad y calidad del proceso de confecci\u00f3n.<\/p>\n<p>Alta precisi\u00f3n y calidad:<\/p>\n<p>Garantiza resultados profesionales, optimizando la durabilidad y resistencia de las uniones textiles.<\/p>\n<p>En CI TESCO, nos especializamos en la distribuci\u00f3n de maquinaria y equipos de confecci\u00f3n avanzada, asegurando equipos de alta calidad y un servicio postventa confiable.<\/p>\n<p>\ud83d\udcde Cont\u00e1ctanos y encuentra la mejor soluci\u00f3n para tu producci\u00f3n textil.<br \/>\n\ud83c\udf10 Visita nuestra p\u00e1gina web: <strong>ci-tesco.com<\/strong><\/p>\n<p>&nbsp;<\/p>\n<p><strong><a href=\"https:\/\/drive.google.com\/file\/d\/1NM5ow0e8A57z_BZi2NVs-sG78-2EgmIt\/view?usp=sharing\">Ficha t\u00e9cnica<\/a><\/strong><\/p>\n<p>&nbsp;<\/p>\n","protected":false},"excerpt":{"rendered":"<p>M\u00e1quina de fusi\u00f3n de pel\u00edcula adhesiva CONFECCION<\/p>\n","protected":false},"featured_media":4248,"template":"","meta":[],"product_brand":[],"product_cat":[191],"product_tag":[287,297,298,306,295,301,302,258,300,260,259,292,286,256,255,299,305,285,253,303,251,304,290,291,293,288,296,252,254,182,308,307,257,294,289],"class_list":{"0":"post-4234","1":"product","2":"type-product","3":"status-publish","4":"has-post-thumbnail","6":"product_cat-maquinarai-y-equipos","7":"product_tag-adhesivos-termo-fusionados","8":"product_tag-cinta-adhesiva-para-ropa","9":"product_tag-cinta-de-fusion","10":"product_tag-confeccion-sin-costuras","11":"product_tag-fusionado-entretela","12":"product_tag-fusionadora-precio","13":"product_tag-fusionadora-textil-colombia","14":"product_tag-fusionadora-textil-industrial","15":"product_tag-fusionadora-textil-para-que-sirve","16":"product_tag-importadora-de-maquina-fusionadora-de-telas","17":"product_tag-importadores-de-maquina-fusionadora-de-prendas","18":"product_tag-mantenimiento","19":"product_tag-maquina-de-fusion","20":"product_tag-maquina-fusionadora-manual","21":"product_tag-maquina-fusionadora-textil","22":"product_tag-maquina-textil-sin-costura","23":"product_tag-maquinas-termo-fusionadoras","24":"product_tag-pelicula-adhesiva","25":"product_tag-prendas-deportivas-sin-constura","26":"product_tag-prendas-pegadas","27":"product_tag-prendas-sin-costura","28":"product_tag-prendas-termo-fusionadas","29":"product_tag-preventivos","30":"product_tag-referencia-maquina-fusionadora","31":"product_tag-repuestos","32":"product_tag-rollo-pelicula-adhesiva","33":"product_tag-ropa-interior-cinta-adhesiva","34":"product_tag-ropa-interior-sin-costura","35":"product_tag-ropa-intima-sin-costura","36":"product_tag-seamless","37":"product_tag-seamless-sport-wear","38":"product_tag-seamless-underwear","39":"product_tag-servicio-de-fusionado-textil","40":"product_tag-servicio-posventa","41":"product_tag-venta","43":"first","44":"instock","45":"taxable","46":"shipping-taxable","47":"product-type-simple"},"_links":{"self":[{"href":"https:\/\/ci-tesco.com\/index.php?rest_route=\/wp\/v2\/product\/4234","targetHints":{"allow":["GET"]}}],"collection":[{"href":"https:\/\/ci-tesco.com\/index.php?rest_route=\/wp\/v2\/product"}],"about":[{"href":"https:\/\/ci-tesco.com\/index.php?rest_route=\/wp\/v2\/types\/product"}],"wp:featuredmedia":[{"embeddable":true,"href":"https:\/\/ci-tesco.com\/index.php?rest_route=\/wp\/v2\/media\/4248"}],"wp:attachment":[{"href":"https:\/\/ci-tesco.com\/index.php?rest_route=%2Fwp%2Fv2%2Fmedia&parent=4234"}],"wp:term":[{"taxonomy":"product_brand","embeddable":true,"href":"https:\/\/ci-tesco.com\/index.php?rest_route=%2Fwp%2Fv2%2Fproduct_brand&post=4234"},{"taxonomy":"product_cat","embeddable":true,"href":"https:\/\/ci-tesco.com\/index.php?rest_route=%2Fwp%2Fv2%2Fproduct_cat&post=4234"},{"taxonomy":"product_tag","embeddable":true,"href":"https:\/\/ci-tesco.com\/index.php?rest_route=%2Fwp%2Fv2%2Fproduct_tag&post=4234"}],"curies":[{"name":"wp","href":"https:\/\/api.w.org\/{rel}","templated":true}]}}