{"id":4094,"date":"2024-10-31T11:19:07","date_gmt":"2024-10-31T16:19:07","guid":{"rendered":"https:\/\/ci-tesco.com\/?post_type=product&#038;p=4094"},"modified":"2024-10-31T11:25:06","modified_gmt":"2024-10-31T16:25:06","slug":"import-placeholder-for-4031","status":"publish","type":"product","link":"https:\/\/ci-tesco.com\/?product=import-placeholder-for-4031","title":{"rendered":"EWYL85651 (Prehormadora de copas)\u00bbPREHORMADO\u00bb"},"content":{"rendered":"<p>[vc_row][vc_column][vc_column_text]Prehormadora de copas<\/p>\n<p>M\u00e1quina para un molde doble<br \/>\nCuenta con sistema de ventilaci\u00f3n que la hace amigable con el medio ambiente y saludable para el operario.<br \/>\nUn sistema de aislamiento t\u00e9rmico puede ser instalado con el fin de disminuir las p\u00e9rdidas de calor.<br \/>\nEl calentamiento es m\u00e1s uniforme y eficiente, disminuyendo as\u00ed el costo de la energ\u00eda el\u00e9ctrica.<br \/>\nPotencia: 220 V \/ 5 KW<br \/>\nAire comprimido: 0.4 \u2013 0.8 Mpa<br \/>\nTiempo de moldeo: 0 &#8211; 999 s<br \/>\nDimensiones de la plataforma del molde: 500 x 280 mm<br \/>\nDimensiones externas: 920 x 950 x 2290 mm<br \/>\nPeso: 385 kg[\/vc_column_text][\/vc_column][\/vc_row]<\/p>\n","protected":false},"excerpt":{"rendered":"<p>Maquina para prehormar copas de espuma para brasier y vestido de ba\u00f1o<\/p>\n","protected":false},"featured_media":4098,"template":"","meta":[],"product_brand":[],"product_cat":[191],"product_tag":[231,232,229,230,227,228,233],"class_list":{"0":"post-4094","1":"product","2":"type-product","3":"status-publish","4":"has-post-thumbnail","6":"product_cat-maquinarai-y-equipos","7":"product_tag-brasier","8":"product_tag-conformado","9":"product_tag-copas","10":"product_tag-espuma","11":"product_tag-prehormado","12":"product_tag-prehormadora","13":"product_tag-spearcer","15":"first","16":"instock","17":"taxable","18":"shipping-taxable","19":"product-type-simple"},"_links":{"self":[{"href":"https:\/\/ci-tesco.com\/index.php?rest_route=\/wp\/v2\/product\/4094","targetHints":{"allow":["GET"]}}],"collection":[{"href":"https:\/\/ci-tesco.com\/index.php?rest_route=\/wp\/v2\/product"}],"about":[{"href":"https:\/\/ci-tesco.com\/index.php?rest_route=\/wp\/v2\/types\/product"}],"wp:featuredmedia":[{"embeddable":true,"href":"https:\/\/ci-tesco.com\/index.php?rest_route=\/wp\/v2\/media\/4098"}],"wp:attachment":[{"href":"https:\/\/ci-tesco.com\/index.php?rest_route=%2Fwp%2Fv2%2Fmedia&parent=4094"}],"wp:term":[{"taxonomy":"product_brand","embeddable":true,"href":"https:\/\/ci-tesco.com\/index.php?rest_route=%2Fwp%2Fv2%2Fproduct_brand&post=4094"},{"taxonomy":"product_cat","embeddable":true,"href":"https:\/\/ci-tesco.com\/index.php?rest_route=%2Fwp%2Fv2%2Fproduct_cat&post=4094"},{"taxonomy":"product_tag","embeddable":true,"href":"https:\/\/ci-tesco.com\/index.php?rest_route=%2Fwp%2Fv2%2Fproduct_tag&post=4094"}],"curies":[{"name":"wp","href":"https:\/\/api.w.org\/{rel}","templated":true}]}}