{"id":4417,"date":"2025-02-14T15:40:57","date_gmt":"2025-02-14T20:40:57","guid":{"rendered":"https:\/\/ci-tesco.com\/?page_id=4417"},"modified":"2025-02-27T15:20:10","modified_gmt":"2025-02-27T20:20:10","slug":"repuestos","status":"publish","type":"page","link":"https:\/\/ci-tesco.com\/?page_id=4417","title":{"rendered":"Repuestos"},"content":{"rendered":"<p><strong>Repuestos para M\u00e1quinas Textiles \u2013 Calidad, Disponibilidad y Soporte Garantizado<\/strong><\/p><p>En Ci Tesco, nos especializamos en la venta e importaci\u00f3n de repuestos para m\u00e1quinas y equipos de procesos textiles de diferentes marcas y modelos. Sabemos lo importante que es mantener tu producci\u00f3n en marcha, por eso ofrecemos un stock siempre disponible, alineado con los mejores proveedores, y un servicio postventa confiable.<\/p><p>Ya seas un peque\u00f1o taller, una f\u00e1brica textil o un t\u00e9cnico especializado, aqu\u00ed encontrar\u00e1s repuestos de calidad, asesor\u00eda experta y entrega r\u00e1pida. Nuestro compromiso es brindarte soluciones eficientes para que tu maquinaria funcione sin interrupciones.<\/p><p>\u00bfNecesitas un repuesto o asesor\u00eda? <\/p><p>Cont\u00e1ctanos y te ayudaremos a encontrar la mejor opci\u00f3n para tu equipo.<\/p><p><\/p>","protected":false},"excerpt":{"rendered":"<p>Repuestos para M\u00e1quinas Textiles \u2013 Calidad, Disponibilidad y Soporte Garantizado En Ci Tesco, nos especializamos en la venta e importaci\u00f3n de repuestos para m\u00e1quinas y equipos de procesos textiles de<\/p>\n","protected":false},"author":12,"featured_media":0,"parent":0,"menu_order":0,"comment_status":"closed","ping_status":"closed","template":"","meta":{"footnotes":""},"class_list":["post-4417","page","type-page","status-publish","hentry"],"_links":{"self":[{"href":"https:\/\/ci-tesco.com\/index.php?rest_route=\/wp\/v2\/pages\/4417","targetHints":{"allow":["GET"]}}],"collection":[{"href":"https:\/\/ci-tesco.com\/index.php?rest_route=\/wp\/v2\/pages"}],"about":[{"href":"https:\/\/ci-tesco.com\/index.php?rest_route=\/wp\/v2\/types\/page"}],"author":[{"embeddable":true,"href":"https:\/\/ci-tesco.com\/index.php?rest_route=\/wp\/v2\/users\/12"}],"replies":[{"embeddable":true,"href":"https:\/\/ci-tesco.com\/index.php?rest_route=%2Fwp%2Fv2%2Fcomments&post=4417"}],"version-history":[{"count":3,"href":"https:\/\/ci-tesco.com\/index.php?rest_route=\/wp\/v2\/pages\/4417\/revisions"}],"predecessor-version":[{"id":4439,"href":"https:\/\/ci-tesco.com\/index.php?rest_route=\/wp\/v2\/pages\/4417\/revisions\/4439"}],"wp:attachment":[{"href":"https:\/\/ci-tesco.com\/index.php?rest_route=%2Fwp%2Fv2%2Fmedia&parent=4417"}],"curies":[{"name":"wp","href":"https:\/\/api.w.org\/{rel}","templated":true}]}}