{"id":3960,"date":"2024-10-18T15:33:30","date_gmt":"2024-10-18T20:33:30","guid":{"rendered":"https:\/\/ci-tesco.com\/?page_id=3960"},"modified":"2025-03-19T10:51:33","modified_gmt":"2025-03-19T15:51:33","slug":"confeccion","status":"publish","type":"page","link":"https:\/\/ci-tesco.com\/?page_id=3960","title":{"rendered":"Confecci\u00f3n"},"content":{"rendered":"<p>[vc_row][vc_column][vc_column_text]<\/p>\n<p style=\"text-align: center;\"><strong>Confecci\u00f3n Profesional<\/strong><\/p>\n<p><strong>Innovaci\u00f3n y recisi\u00f3n para la industria textil<\/strong><\/p>\n<p>La confecci\u00f3n profesional es el arte y la t\u00e9cnica de transformar materiales en prendas y productos textiles de alta calidad. Con el avance de la tecnolog\u00eda, esta industria ha evolucionado hacia procesos m\u00e1s eficientes y precisos, integrando maquinaria especializada como sistemas de automatizaci\u00f3n, termo fusionadoras y equipos de ultrasonido.<\/p>\n<p>En <strong>Ci Tesco<\/strong>, ofrecemos soluciones avanzadas para optimizar la producci\u00f3n, garantizando precisi\u00f3n, rapidez y eficiencia en cada etapa del proceso textil. Ya sea para peque\u00f1as, medianas o grandes empresas, nuestra tecnolog\u00eda impulsa la innovaci\u00f3n en la confecci\u00f3n, asegurando acabados perfectos y una producci\u00f3n sin interrupciones.[\/vc_column_text]<div class=\"woocommerce \"><\/div>[\/vc_column][\/vc_row][vc_row][vc_column]<div class=\"woocommerce columns-4 \">\t<div class=\"products product-style-3 row grid-view products-wrap grid-columns-3  product-cart-icon\">\n\n<div class=\"col-xl-3 col-lg-4 col-md-6 col-sm-6 col-6 product type-product post-4191 status-publish first instock product_cat-maquinarai-y-equipos product_tag-asesoria-maquinas-de-looper-ciego product_tag-capacitacion-maquina-para-abrir-looper-ciego product_tag-caracteristicas-de-maquina-looper-ciego product_tag-catalogo-maquina-de-looper-ciego product_tag-especificaciones-maquina-para-abrir-looper-ciego product_tag-importadores-de-maquinas-para-abrir-looper-ciego product_tag-importadores-de-repuestos-y-accesorios-para-maquinas-de-looper-ciego product_tag-looper product_tag-looper-ciego-precio product_tag-looper-de-alta-calidad product_tag-mantenimiento-maquinas-de-looper-ciego product_tag-mantenimiento-maquinas-looper-ciego product_tag-mantenimiento-preventivo-maquina-para-abrir-looper-ciego product_tag-manual-de-maquina-looper-ciego product_tag-maquina-de-coser-looper-ciego product_tag-maquina-para-abrir-looper-ciego-a-buen-precio product_tag-maquina-para-abrir-looper-ciego-colombia product_tag-maquina-para-abrir-looper-ciego-medellin product_tag-ofertas-de-maquina-de-looper-ciego product_tag-piesas-y-accesorios-para-maquina-looper-ciego product_tag-servicio-posventa-maquina-de-looper-ciego product_tag-soporte-tecnico-para-maquinas-de-looper-ciego product_tag-uso-de-maquina-para-abrir-looper-ciego product_tag-venta-de-maquinas-de-looper-ciego has-post-thumbnail taxable shipping-taxable product-type-simple\">\n\t\t\t<div class=\"product-wrapper\">\r\n\t\t\t<div class=\"product-image\">\r\n\t\t\t\t\t\r\n\t\t<div class=\"whishlist-button\">\r\n\t\t\t\n<div\n\tclass=\"yith-wcwl-add-to-wishlist add-to-wishlist-4191 yith-wcwl-add-to-wishlist--link-style wishlist-fragment on-first-load\"\n\tdata-fragment-ref=\"4191\"\n\tdata-fragment-options=\"{&quot;base_url&quot;:&quot;&quot;,&quot;product_id&quot;:4191,&quot;parent_product_id&quot;:0,&quot;product_type&quot;:&quot;simple&quot;,&quot;is_single&quot;:false,&quot;in_default_wishlist&quot;:false,&quot;show_view&quot;:false,&quot;browse_wishlist_text&quot;:&quot;Browse wishlist&quot;,&quot;already_in_wishslist_text&quot;:&quot;The product is already in your wishlist!&quot;,&quot;product_added_text&quot;:&quot;Product added!&quot;,&quot;available_multi_wishlist&quot;:false,&quot;disable_wishlist&quot;:false,&quot;show_count&quot;:false,&quot;ajax_loading&quot;:false,&quot;loop_position&quot;:&quot;after_add_to_cart&quot;,&quot;item&quot;:&quot;add_to_wishlist&quot;}\"\n>\n\t\t\t\n\t\t\t<!-- ADD TO WISHLIST -->\n\t\t\t\n<div class=\"yith-wcwl-add-button\">\n\t\t<a\n\t\thref=\"?add_to_wishlist=4191&#038;_wpnonce=0b81e01595\"\n\t\tclass=\"add_to_wishlist single_add_to_wishlist\"\n\t\tdata-product-id=\"4191\"\n\t\tdata-product-type=\"simple\"\n\t\tdata-original-product-id=\"0\"\n\t\tdata-title=\"Add to wishlist\"\n\t\trel=\"nofollow\"\n\t>\n\t\t<svg id=\"yith-wcwl-icon-heart-outline\" class=\"yith-wcwl-icon-svg\" fill=\"none\" stroke-width=\"1.5\" stroke=\"currentColor\" viewBox=\"0 0 24 24\" xmlns=\"http:\/\/www.w3.org\/2000\/svg\">\n  <path stroke-linecap=\"round\" stroke-linejoin=\"round\" d=\"M21 8.25c0-2.485-2.099-4.5-4.688-4.5-1.935 0-3.597 1.126-4.312 2.733-.715-1.607-2.377-2.733-4.313-2.733C5.1 3.75 3 5.765 3 8.25c0 7.22 9 12 9 12s9-4.78 9-12Z\"><\/path>\n<\/svg>\t\t<span>Add to wishlist<\/span>\n\t<\/a>\n<\/div>\n\n\t\t\t<!-- COUNT TEXT -->\n\t\t\t\n\t\t\t<\/div>\n\t\t<\/div>\r\n\t\t<a href=\"https:\/\/ci-tesco.com\/?product=import-placeholder-for-4044\" class=\"woocommerce-LoopProduct-link\" target=\"_self\"><img loading=\"lazy\" decoding=\"async\" width=\"300\" height=\"436\" src=\"https:\/\/ci-tesco.com\/wp-content\/uploads\/2025\/01\/imagensinlogo-300x436.png\" class=\"attachment-woocommerce_thumbnail size-woocommerce_thumbnail front-image\" alt=\"\" \/><img loading=\"lazy\" decoding=\"async\" width=\"300\" height=\"436\" src=\"https:\/\/ci-tesco.com\/wp-content\/uploads\/2025\/01\/Captura-300x436.png\" class=\"attachment-woocommerce_thumbnail size-woocommerce_thumbnail hover-image\" alt=\"\" \/><\/a>\t\t <\/div>\r\n\t\t \t\t<div class=\"product-info\">\r\n\t\t\t<div class=\"product-title-rating\">\r\n\t<h3 class=\"product-title\"><a href=\"https:\/\/ci-tesco.com\/?product=import-placeholder-for-4044\" target=\"_self\">SM998 Maquina para abrir looper ciego CONFECCION<\/a><\/h3><div class=\"woocommerce-product-details__short-description\">\n\t<span>Highlights:<\/span>\n\t<div class=\"short-description\">\n\t\t<p>Maquina para abrir looper ciego<\/p>\n\t<\/div>\n<\/div>\n\t\t<\/div>\r\n\t\t\t<div class=\"product-price-buttons\">\r\n\t\t\t<div class=\"product-price\">\r\n\t\t\t\n\t\t <\/div>\r\n\t\t \t\t<div class=\"product-buttons-variations\">\r\n\t\t\t\t\t\r\n\t\t<div class=\"product-buttons\">\r\n\t\t\t\t\t\r\n\t\t<div class=\"cart-button\">\r\n\t\t\t<a href=\"https:\/\/ci-tesco.com\/?product=import-placeholder-for-4044\" aria-describedby=\"woocommerce_loop_add_to_cart_link_describedby_4191\" data-quantity=\"1\" class=\"button product_type_simple\" data-product_id=\"4191\" data-product_sku=\"\" aria-label=\"Lee m\u00e1s sobre &ldquo;SM998 Maquina para abrir looper ciego CONFECCION&rdquo;\" rel=\"nofollow\" data-success_message=\"\">Leer m\u00e1s<\/a>\t<span id=\"woocommerce_loop_add_to_cart_link_describedby_4191\" class=\"screen-reader-text\">\n\t\t\t<\/span>\n\t\t <\/div>\r\n\t\t\t\t\r\n\t\t<div class=\"whishlist-button\">\r\n\t\t\t\n<div\n\tclass=\"yith-wcwl-add-to-wishlist add-to-wishlist-4191 yith-wcwl-add-to-wishlist--link-style wishlist-fragment on-first-load\"\n\tdata-fragment-ref=\"4191\"\n\tdata-fragment-options=\"{&quot;base_url&quot;:&quot;&quot;,&quot;product_id&quot;:4191,&quot;parent_product_id&quot;:0,&quot;product_type&quot;:&quot;simple&quot;,&quot;is_single&quot;:false,&quot;in_default_wishlist&quot;:false,&quot;show_view&quot;:false,&quot;browse_wishlist_text&quot;:&quot;Browse wishlist&quot;,&quot;already_in_wishslist_text&quot;:&quot;The product is already in your wishlist!&quot;,&quot;product_added_text&quot;:&quot;Product added!&quot;,&quot;available_multi_wishlist&quot;:false,&quot;disable_wishlist&quot;:false,&quot;show_count&quot;:false,&quot;ajax_loading&quot;:false,&quot;loop_position&quot;:&quot;after_add_to_cart&quot;,&quot;item&quot;:&quot;add_to_wishlist&quot;}\"\n>\n\t\t\t\n\t\t\t<!-- ADD TO WISHLIST -->\n\t\t\t\n<div class=\"yith-wcwl-add-button\">\n\t\t<a\n\t\thref=\"?add_to_wishlist=4191&#038;_wpnonce=0b81e01595\"\n\t\tclass=\"add_to_wishlist single_add_to_wishlist\"\n\t\tdata-product-id=\"4191\"\n\t\tdata-product-type=\"simple\"\n\t\tdata-original-product-id=\"0\"\n\t\tdata-title=\"Add to wishlist\"\n\t\trel=\"nofollow\"\n\t>\n\t\t<svg id=\"yith-wcwl-icon-heart-outline\" class=\"yith-wcwl-icon-svg\" fill=\"none\" stroke-width=\"1.5\" stroke=\"currentColor\" viewBox=\"0 0 24 24\" xmlns=\"http:\/\/www.w3.org\/2000\/svg\">\n  <path stroke-linecap=\"round\" stroke-linejoin=\"round\" d=\"M21 8.25c0-2.485-2.099-4.5-4.688-4.5-1.935 0-3.597 1.126-4.312 2.733-.715-1.607-2.377-2.733-4.313-2.733C5.1 3.75 3 5.765 3 8.25c0 7.22 9 12 9 12s9-4.78 9-12Z\"><\/path>\n<\/svg>\t\t<span>Add to wishlist<\/span>\n\t<\/a>\n<\/div>\n\n\t\t\t<!-- COUNT TEXT -->\n\t\t\t\n\t\t\t<\/div>\n\t\t<\/div>\r\n\t\t\t\t\r\n\t\t<div class=\"compare-button\">\r\n\t\t\t<a href=\"\/index.php?rest_route=%2Fwp%2Fv2%2Fpages%2F3960&action=yith-woocompare-add-product&id=4191\" class=\"compare button\" data-product_id=\"4191\" rel=\"nofollow\">Compare<\/a>\t\t<\/div>\r\n\t\t\t\t\r\n\t\t<div class=\"quickview-button\">\r\n\t\t\t<a class=\"quickview-btn\" href=\"https:\/\/ci-tesco.com\/?product=import-placeholder-for-4044\" data-id=\"4191\">Vista R\u00e1pida<\/a>\r\n\t\t<\/div>\r\n\t\t\t\t <\/div>\r\n\t\t \t\t <\/div>\r\n\t\t <a href=\"https:\/\/ci-tesco.com?action=yith-woocompare-add-product&id=4191\" class=\"compare button\" data-product_id=\"4191\" rel=\"nofollow\">Compare<\/a>\t\t<\/div>\r\n\t\t\t<\/div>\r\n\t\t\t<\/div>\r\n\t<\/div>\n\n\t<\/div>\n<\/div>[\/vc_column][\/vc_row]<\/p>\n","protected":false},"excerpt":{"rendered":"<p>[vc_row][vc_column][vc_column_text] Confecci\u00f3n Profesional Innovaci\u00f3n y recisi\u00f3n para la industria textil La confecci\u00f3n profesional es el arte y la t\u00e9cnica de transformar materiales en prendas y productos textiles de alta calidad.<\/p>\n","protected":false},"author":12,"featured_media":0,"parent":0,"menu_order":0,"comment_status":"closed","ping_status":"closed","template":"","meta":{"footnotes":""},"class_list":["post-3960","page","type-page","status-publish","hentry"],"_links":{"self":[{"href":"https:\/\/ci-tesco.com\/index.php?rest_route=\/wp\/v2\/pages\/3960","targetHints":{"allow":["GET"]}}],"collection":[{"href":"https:\/\/ci-tesco.com\/index.php?rest_route=\/wp\/v2\/pages"}],"about":[{"href":"https:\/\/ci-tesco.com\/index.php?rest_route=\/wp\/v2\/types\/page"}],"author":[{"embeddable":true,"href":"https:\/\/ci-tesco.com\/index.php?rest_route=\/wp\/v2\/users\/12"}],"replies":[{"embeddable":true,"href":"https:\/\/ci-tesco.com\/index.php?rest_route=%2Fwp%2Fv2%2Fcomments&post=3960"}],"version-history":[{"count":97,"href":"https:\/\/ci-tesco.com\/index.php?rest_route=\/wp\/v2\/pages\/3960\/revisions"}],"predecessor-version":[{"id":4493,"href":"https:\/\/ci-tesco.com\/index.php?rest_route=\/wp\/v2\/pages\/3960\/revisions\/4493"}],"wp:attachment":[{"href":"https:\/\/ci-tesco.com\/index.php?rest_route=%2Fwp%2Fv2%2Fmedia&parent=3960"}],"curies":[{"name":"wp","href":"https:\/\/api.w.org\/{rel}","templated":true}]}}