{"id":2875,"date":"2024-02-20T08:31:43","date_gmt":"2024-02-20T13:31:43","guid":{"rendered":"https:\/\/ci-tesco.com\/?page_id=2875"},"modified":"2024-10-02T00:04:22","modified_gmt":"2024-10-02T05:04:22","slug":"maquila","status":"publish","type":"page","link":"https:\/\/ci-tesco.com\/?page_id=2875","title":{"rendered":"Maquila"},"content":{"rendered":"<p>[vc_section][vc_row][vc_column][vc_custom_heading text=\u00bbMaquila\u00bb font_container=\u00bbtag:h1|font_size:50px|text_align:center\u00bb][vc_column_text]<\/p>\n<p>Ofrecemos el servicio de Maquila en los ensambles\/costura de prendas. Nuestro servicio de confecci\u00f3n personalizada, Confeccionamos para tu marca propia.\u00a0 Cantidad m\u00ednima de producci\u00f3n 50 SKU confecci\u00f3n que a manera de maquila llevar\u00e1 tu propia marca y etiqueta. Es una gran forma de emprender.<\/p>\n<p>[\/vc_column_text][vc_media_grid grid_id=\u00bbvc_gid:1727845451356-8b13d35c-6515-0&#8243; include=\u00bb3067,3062&#8243;][\/vc_column][\/vc_row][\/vc_section]<\/p>\n","protected":false},"excerpt":{"rendered":"<p>[vc_section][vc_row][vc_column][vc_custom_heading text=\u00bbMaquila\u00bb font_container=\u00bbtag:h1|font_size:50px|text_align:center\u00bb][vc_column_text] Ofrecemos el servicio de Maquila en los ensambles\/costura de prendas. Nuestro servicio de confecci\u00f3n personalizada, Confeccionamos para tu marca propia.\u00a0 Cantidad m\u00ednima de producci\u00f3n 50 SKU confecci\u00f3n<\/p>\n","protected":false},"author":12,"featured_media":0,"parent":0,"menu_order":0,"comment_status":"closed","ping_status":"closed","template":"","meta":{"footnotes":""},"class_list":["post-2875","page","type-page","status-publish","hentry"],"_links":{"self":[{"href":"https:\/\/ci-tesco.com\/index.php?rest_route=\/wp\/v2\/pages\/2875","targetHints":{"allow":["GET"]}}],"collection":[{"href":"https:\/\/ci-tesco.com\/index.php?rest_route=\/wp\/v2\/pages"}],"about":[{"href":"https:\/\/ci-tesco.com\/index.php?rest_route=\/wp\/v2\/types\/page"}],"author":[{"embeddable":true,"href":"https:\/\/ci-tesco.com\/index.php?rest_route=\/wp\/v2\/users\/12"}],"replies":[{"embeddable":true,"href":"https:\/\/ci-tesco.com\/index.php?rest_route=%2Fwp%2Fv2%2Fcomments&post=2875"}],"version-history":[{"count":27,"href":"https:\/\/ci-tesco.com\/index.php?rest_route=\/wp\/v2\/pages\/2875\/revisions"}],"predecessor-version":[{"id":3687,"href":"https:\/\/ci-tesco.com\/index.php?rest_route=\/wp\/v2\/pages\/2875\/revisions\/3687"}],"wp:attachment":[{"href":"https:\/\/ci-tesco.com\/index.php?rest_route=%2Fwp%2Fv2%2Fmedia&parent=2875"}],"curies":[{"name":"wp","href":"https:\/\/api.w.org\/{rel}","templated":true}]}}